{"id":16696,"date":"2025-07-30T17:51:55","date_gmt":"2025-07-30T15:51:55","guid":{"rendered":"https:\/\/staging.lorenzmarine.com\/?post_type=product&#038;p=16696"},"modified":"2025-07-31T15:44:29","modified_gmt":"2025-07-31T13:44:29","slug":"lorenz-fish-pro-chirp","status":"publish","type":"product","link":"https:\/\/staging.lorenzmarine.com\/en\/product\/lorenz-fish-pro-chirp\/","title":{"rendered":"Lorenz Fish PRO CHIRP"},"content":{"rendered":"<p>IL nuovo sistema FISH PRO CHIRP permette di visualizzare il fondale marino con una definizione molto pi\u00f9 alta ripetto agli ecoscandagli tradizionali, inoltre grazie alla multifrequenza, riesce a penetrare l&#8217; acqua con pi\u00f9 facilit\u00e0 e quindi a raggiungere i fondali pi\u00f9 profondi a parit\u00e0 di potenza.<\/p>\n<p>Caratteristiche principali:<\/p>\n<ul>\n<li>Vista\u00a0professionale del fondale sia alto che basso<\/li>\n<li>Profondit\u00e0 maggiori rispetto alla norma<\/li>\n<li>Riconoscimento migliore della biomassa (pesci)<\/li>\n<li>Riconoscimento migliore del tipo di fondale<\/li>\n<li>Frequenze utuilizzate Bassa Media e Alta<\/li>\n<li>Trasduttori CHIRP Compatibili<\/li>\n<li>TM150M<\/li>\n<li>B150M<\/li>\n<li>B75L<\/li>\n<li>B75M<\/li>\n<li>B75H<\/li>\n<li>B175L<\/li>\n<\/ul>\n","protected":false},"excerpt":{"rendered":"<p>Modulo plug &#038; play che aggiunge l&#8217;ecoscandaglio CHIRP e funzionalit\u00e0 fish finder al tuo sistema di navigazione<\/p>\n","protected":false},"featured_media":9074,"comment_status":"open","ping_status":"closed","template":"","meta":[],"product_brand":[391],"product_cat":[380],"product_tag":[],"class_list":{"0":"post-16696","1":"product","2":"type-product","3":"status-publish","4":"has-post-thumbnail","6":"product_brand-lorenz-marine-electronics","7":"product_cat-ecoscandagli-fishfinder","8":"pa_frequenze-rms-50-200khz-classiche","9":"pa_impermeabilita-ipx6","10":"pa_potenza-300-600-1000-watt","11":"pa_supply-voltage-10-35-vdc","12":"pa_temperatura-di-funzionamento-0-60","14":"first","15":"instock","16":"taxable","17":"shipping-taxable","18":"product-type-simple"},"yoast_head":"<!-- This site is optimized with the Yoast SEO plugin v27.4 - https:\/\/yoast.com\/product\/yoast-seo-wordpress\/ -->\n<title>Lorenz Fish PRO CHIRP - Lorenz Marine<\/title>\n<meta name=\"robots\" content=\"noindex, follow, max-snippet:-1, max-image-preview:large, max-video-preview:-1\" \/>\n<meta property=\"og:locale\" content=\"en_US\" \/>\n<meta property=\"og:type\" content=\"article\" \/>\n<meta property=\"og:title\" content=\"Lorenz Fish PRO CHIRP - Lorenz Marine\" \/>\n<meta property=\"og:description\" content=\"Modulo plug &amp; play che aggiunge l&#039;ecoscandaglio CHIRP e funzionalit\u00e0 fish finder al tuo sistema di navigazione\" \/>\n<meta property=\"og:url\" content=\"https:\/\/staging.lorenzmarine.com\/product\/lorenz-fish-pro-chirp\/\" \/>\n<meta property=\"og:site_name\" content=\"Lorenz Marine\" \/>\n<meta property=\"article:publisher\" content=\"https:\/\/www.facebook.com\/LorenzMarine\/\" \/>\n<meta property=\"article:modified_time\" content=\"2025-07-31T13:44:29+00:00\" \/>\n<meta property=\"og:image\" content=\"https:\/\/staging.lorenzmarine.com\/wp-content\/uploads\/2018\/11\/SD_-Fish.jpg\" \/>\n\t<meta property=\"og:image:width\" content=\"600\" \/>\n\t<meta property=\"og:image:height\" content=\"672\" \/>\n\t<meta property=\"og:image:type\" content=\"image\/jpeg\" \/>\n<meta name=\"twitter:card\" content=\"summary_large_image\" \/>\n<script type=\"application\/ld+json\" class=\"yoast-schema-graph\">{\"@context\":\"https:\\\/\\\/schema.org\",\"@graph\":[{\"@type\":\"WebPage\",\"@id\":\"https:\\\/\\\/staging.lorenzmarine.com\\\/product\\\/lorenz-fish-pro-chirp\\\/\",\"url\":\"https:\\\/\\\/staging.lorenzmarine.com\\\/product\\\/lorenz-fish-pro-chirp\\\/\",\"name\":\"Lorenz Fish PRO CHIRP - Lorenz Marine\",\"isPartOf\":{\"@id\":\"https:\\\/\\\/staging.lorenzmarine.com\\\/#website\"},\"primaryImageOfPage\":{\"@id\":\"https:\\\/\\\/staging.lorenzmarine.com\\\/product\\\/lorenz-fish-pro-chirp\\\/#primaryimage\"},\"image\":{\"@id\":\"https:\\\/\\\/staging.lorenzmarine.com\\\/product\\\/lorenz-fish-pro-chirp\\\/#primaryimage\"},\"thumbnailUrl\":\"https:\\\/\\\/staging.lorenzmarine.com\\\/wp-content\\\/uploads\\\/2018\\\/11\\\/SD_-Fish.jpg\",\"datePublished\":\"2025-07-30T15:51:55+00:00\",\"dateModified\":\"2025-07-31T13:44:29+00:00\",\"breadcrumb\":{\"@id\":\"https:\\\/\\\/staging.lorenzmarine.com\\\/product\\\/lorenz-fish-pro-chirp\\\/#breadcrumb\"},\"inLanguage\":\"en-US\",\"potentialAction\":[{\"@type\":\"ReadAction\",\"target\":[\"https:\\\/\\\/staging.lorenzmarine.com\\\/product\\\/lorenz-fish-pro-chirp\\\/\"]}]},{\"@type\":\"ImageObject\",\"inLanguage\":\"en-US\",\"@id\":\"https:\\\/\\\/staging.lorenzmarine.com\\\/product\\\/lorenz-fish-pro-chirp\\\/#primaryimage\",\"url\":\"https:\\\/\\\/staging.lorenzmarine.com\\\/wp-content\\\/uploads\\\/2018\\\/11\\\/SD_-Fish.jpg\",\"contentUrl\":\"https:\\\/\\\/staging.lorenzmarine.com\\\/wp-content\\\/uploads\\\/2018\\\/11\\\/SD_-Fish.jpg\",\"width\":600,\"height\":672},{\"@type\":\"BreadcrumbList\",\"@id\":\"https:\\\/\\\/staging.lorenzmarine.com\\\/product\\\/lorenz-fish-pro-chirp\\\/#breadcrumb\",\"itemListElement\":[{\"@type\":\"ListItem\",\"position\":1,\"name\":\"Home\",\"item\":\"https:\\\/\\\/staging.lorenzmarine.com\\\/home\\\/\"},{\"@type\":\"ListItem\",\"position\":2,\"name\":\"Shop\",\"item\":\"https:\\\/\\\/staging.lorenzmarine.com\\\/negozio\\\/\"},{\"@type\":\"ListItem\",\"position\":3,\"name\":\"Lorenz Fish PRO CHIRP\"}]},{\"@type\":\"WebSite\",\"@id\":\"https:\\\/\\\/staging.lorenzmarine.com\\\/#website\",\"url\":\"https:\\\/\\\/staging.lorenzmarine.com\\\/\",\"name\":\"Lorenz Marine\",\"description\":\"Marine Electronics\",\"publisher\":{\"@id\":\"https:\\\/\\\/staging.lorenzmarine.com\\\/#organization\"},\"potentialAction\":[{\"@type\":\"SearchAction\",\"target\":{\"@type\":\"EntryPoint\",\"urlTemplate\":\"https:\\\/\\\/staging.lorenzmarine.com\\\/?s={search_term_string}\"},\"query-input\":{\"@type\":\"PropertyValueSpecification\",\"valueRequired\":true,\"valueName\":\"search_term_string\"}}],\"inLanguage\":\"en-US\"},{\"@type\":\"Organization\",\"@id\":\"https:\\\/\\\/staging.lorenzmarine.com\\\/#organization\",\"name\":\"Lorenz Marine\",\"url\":\"https:\\\/\\\/staging.lorenzmarine.com\\\/\",\"logo\":{\"@type\":\"ImageObject\",\"inLanguage\":\"en-US\",\"@id\":\"https:\\\/\\\/staging.lorenzmarine.com\\\/#\\\/schema\\\/logo\\\/image\\\/\",\"url\":\"https:\\\/\\\/staging.lorenzmarine.com\\\/wp-content\\\/uploads\\\/2018\\\/08\\\/Logo_LORENZMARINE-03.png\",\"contentUrl\":\"https:\\\/\\\/staging.lorenzmarine.com\\\/wp-content\\\/uploads\\\/2018\\\/08\\\/Logo_LORENZMARINE-03.png\",\"width\":435,\"height\":81,\"caption\":\"Lorenz Marine\"},\"image\":{\"@id\":\"https:\\\/\\\/staging.lorenzmarine.com\\\/#\\\/schema\\\/logo\\\/image\\\/\"},\"sameAs\":[\"https:\\\/\\\/www.facebook.com\\\/LorenzMarine\\\/\",\"https:\\\/\\\/www.instagram.com\\\/lorenzmarine_\\\/?hl=it\"]}]}<\/script>\n<!-- \/ Yoast SEO plugin. -->","yoast_head_json":{"title":"Lorenz Fish PRO CHIRP - Lorenz Marine","robots":{"index":"noindex","follow":"follow","max-snippet":"max-snippet:-1","max-image-preview":"max-image-preview:large","max-video-preview":"max-video-preview:-1"},"og_locale":"en_US","og_type":"article","og_title":"Lorenz Fish PRO CHIRP - Lorenz Marine","og_description":"Modulo plug & play che aggiunge l'ecoscandaglio CHIRP e funzionalit\u00e0 fish finder al tuo sistema di navigazione","og_url":"https:\/\/staging.lorenzmarine.com\/product\/lorenz-fish-pro-chirp\/","og_site_name":"Lorenz Marine","article_publisher":"https:\/\/www.facebook.com\/LorenzMarine\/","article_modified_time":"2025-07-31T13:44:29+00:00","og_image":[{"width":600,"height":672,"url":"https:\/\/staging.lorenzmarine.com\/wp-content\/uploads\/2018\/11\/SD_-Fish.jpg","type":"image\/jpeg"}],"twitter_card":"summary_large_image","schema":{"@context":"https:\/\/schema.org","@graph":[{"@type":"WebPage","@id":"https:\/\/staging.lorenzmarine.com\/product\/lorenz-fish-pro-chirp\/","url":"https:\/\/staging.lorenzmarine.com\/product\/lorenz-fish-pro-chirp\/","name":"Lorenz Fish PRO CHIRP - Lorenz Marine","isPartOf":{"@id":"https:\/\/staging.lorenzmarine.com\/#website"},"primaryImageOfPage":{"@id":"https:\/\/staging.lorenzmarine.com\/product\/lorenz-fish-pro-chirp\/#primaryimage"},"image":{"@id":"https:\/\/staging.lorenzmarine.com\/product\/lorenz-fish-pro-chirp\/#primaryimage"},"thumbnailUrl":"https:\/\/staging.lorenzmarine.com\/wp-content\/uploads\/2018\/11\/SD_-Fish.jpg","datePublished":"2025-07-30T15:51:55+00:00","dateModified":"2025-07-31T13:44:29+00:00","breadcrumb":{"@id":"https:\/\/staging.lorenzmarine.com\/product\/lorenz-fish-pro-chirp\/#breadcrumb"},"inLanguage":"en-US","potentialAction":[{"@type":"ReadAction","target":["https:\/\/staging.lorenzmarine.com\/product\/lorenz-fish-pro-chirp\/"]}]},{"@type":"ImageObject","inLanguage":"en-US","@id":"https:\/\/staging.lorenzmarine.com\/product\/lorenz-fish-pro-chirp\/#primaryimage","url":"https:\/\/staging.lorenzmarine.com\/wp-content\/uploads\/2018\/11\/SD_-Fish.jpg","contentUrl":"https:\/\/staging.lorenzmarine.com\/wp-content\/uploads\/2018\/11\/SD_-Fish.jpg","width":600,"height":672},{"@type":"BreadcrumbList","@id":"https:\/\/staging.lorenzmarine.com\/product\/lorenz-fish-pro-chirp\/#breadcrumb","itemListElement":[{"@type":"ListItem","position":1,"name":"Home","item":"https:\/\/staging.lorenzmarine.com\/home\/"},{"@type":"ListItem","position":2,"name":"Shop","item":"https:\/\/staging.lorenzmarine.com\/negozio\/"},{"@type":"ListItem","position":3,"name":"Lorenz Fish PRO CHIRP"}]},{"@type":"WebSite","@id":"https:\/\/staging.lorenzmarine.com\/#website","url":"https:\/\/staging.lorenzmarine.com\/","name":"Lorenz Marine","description":"Marine Electronics","publisher":{"@id":"https:\/\/staging.lorenzmarine.com\/#organization"},"potentialAction":[{"@type":"SearchAction","target":{"@type":"EntryPoint","urlTemplate":"https:\/\/staging.lorenzmarine.com\/?s={search_term_string}"},"query-input":{"@type":"PropertyValueSpecification","valueRequired":true,"valueName":"search_term_string"}}],"inLanguage":"en-US"},{"@type":"Organization","@id":"https:\/\/staging.lorenzmarine.com\/#organization","name":"Lorenz Marine","url":"https:\/\/staging.lorenzmarine.com\/","logo":{"@type":"ImageObject","inLanguage":"en-US","@id":"https:\/\/staging.lorenzmarine.com\/#\/schema\/logo\/image\/","url":"https:\/\/staging.lorenzmarine.com\/wp-content\/uploads\/2018\/08\/Logo_LORENZMARINE-03.png","contentUrl":"https:\/\/staging.lorenzmarine.com\/wp-content\/uploads\/2018\/08\/Logo_LORENZMARINE-03.png","width":435,"height":81,"caption":"Lorenz Marine"},"image":{"@id":"https:\/\/staging.lorenzmarine.com\/#\/schema\/logo\/image\/"},"sameAs":["https:\/\/www.facebook.com\/LorenzMarine\/","https:\/\/www.instagram.com\/lorenzmarine_\/?hl=it"]}]}},"_links":{"self":[{"href":"https:\/\/staging.lorenzmarine.com\/en\/wp-json\/wp\/v2\/product\/16696","targetHints":{"allow":["GET"]}}],"collection":[{"href":"https:\/\/staging.lorenzmarine.com\/en\/wp-json\/wp\/v2\/product"}],"about":[{"href":"https:\/\/staging.lorenzmarine.com\/en\/wp-json\/wp\/v2\/types\/product"}],"replies":[{"embeddable":true,"href":"https:\/\/staging.lorenzmarine.com\/en\/wp-json\/wp\/v2\/comments?post=16696"}],"wp:featuredmedia":[{"embeddable":true,"href":"https:\/\/staging.lorenzmarine.com\/en\/wp-json\/wp\/v2\/media\/9074"}],"wp:attachment":[{"href":"https:\/\/staging.lorenzmarine.com\/en\/wp-json\/wp\/v2\/media?parent=16696"}],"wp:term":[{"taxonomy":"product_brand","embeddable":true,"href":"https:\/\/staging.lorenzmarine.com\/en\/wp-json\/wp\/v2\/product_brand?post=16696"},{"taxonomy":"product_cat","embeddable":true,"href":"https:\/\/staging.lorenzmarine.com\/en\/wp-json\/wp\/v2\/product_cat?post=16696"},{"taxonomy":"product_tag","embeddable":true,"href":"https:\/\/staging.lorenzmarine.com\/en\/wp-json\/wp\/v2\/product_tag?post=16696"}],"curies":[{"name":"wp","href":"https:\/\/api.w.org\/{rel}","templated":true}]}}