{"id":16704,"date":"2025-07-30T17:51:56","date_gmt":"2025-07-30T15:51:56","guid":{"rendered":"https:\/\/staging.lorenzmarine.com\/?post_type=product&#038;p=16704"},"modified":"2025-07-31T15:44:30","modified_gmt":"2025-07-31T13:44:30","slug":"lorenz-trasduttore-p79","status":"publish","type":"product","link":"https:\/\/staging.lorenzmarine.com\/en\/product\/lorenz-trasduttore-p79\/","title":{"rendered":"AIRMAR Trasduttore P79"},"content":{"rendered":"<p>Il P79 \u00e8 un trasduttore in-hull a doppia frequenza (50\/200 kHz) progettato esclusivamente per la misurazione della profondit\u00e0. Grazie alla sua versatilit\u00e0, si adatta facilmente a scafi con angoli di deadrise fino a 22\u00b0.<\/p>\n<p>Il kit include una base di montaggio in plastica, perfettamente allineata alla linea centrale e fissata all\u2019interno dello scafo, che viene poi riempita con un liquido antigelo non tossico. Il trasduttore viene inserito nella base e regolato per compensare l\u2019angolo di deadrise, garantendo che il fascio sonar sia diretto verticalmente verso il basso per massimizzare il ritorno degli echi.<\/p>\n<p>L\u2019antigelo ecologico rappresenta il mezzo ottimale per trasmettere il segnale attraverso lo strato di vetroresina solida, migliorando la precisione delle misurazioni.<\/p>\n","protected":false},"excerpt":{"rendered":"<p>I trasduttori AIRMAR\u00ae sono completamente compatibili con gli ecoscandaglio Lorenz delle serie Atom e Magnum, offrendo il massimo delle prestazioni per la navigazione professionale e ricreativa. Grazie a questa compatibilit\u00e0, \u00e8 possibile sfruttare appieno tutte le funzionalit\u00e0 degli ecoscandagli Lorenz per una navigazione precisa e affidabile.<\/p>\n","protected":false},"featured_media":10207,"comment_status":"open","ping_status":"closed","template":"","meta":[],"product_brand":[391],"product_cat":[383,381],"product_tag":[],"class_list":{"0":"post-16704","1":"product","2":"type-product","3":"status-publish","4":"has-post-thumbnail","6":"product_brand-lorenz-marine-electronics","7":"product_cat-accessori","8":"product_cat-trasduttori","9":"pa_connessione-a-lorenz-diretta","10":"pa_dati-forniti-profondita","11":"pa_frequenza-50-200-khz","12":"pa_installazione-in-hull-interno-scafo","13":"pa_materiale-plastica","14":"pa_potenza-600-watt","16":"first","17":"instock","18":"taxable","19":"shipping-taxable","20":"product-type-simple"},"yoast_head":"<!-- This site is optimized with the Yoast SEO plugin v27.4 - https:\/\/yoast.com\/product\/yoast-seo-wordpress\/ -->\n<title>AIRMAR Trasduttore P79 - Lorenz Marine<\/title>\n<meta name=\"robots\" content=\"noindex, follow, max-snippet:-1, max-image-preview:large, max-video-preview:-1\" \/>\n<meta property=\"og:locale\" content=\"en_US\" \/>\n<meta property=\"og:type\" content=\"article\" \/>\n<meta property=\"og:title\" content=\"AIRMAR Trasduttore P79 - Lorenz Marine\" \/>\n<meta property=\"og:description\" content=\"I trasduttori AIRMAR\u00ae sono completamente compatibili con gli ecoscandaglio Lorenz delle serie Atom e Magnum, offrendo il massimo delle prestazioni per la navigazione professionale e ricreativa. Grazie a questa compatibilit\u00e0, \u00e8 possibile sfruttare appieno tutte le funzionalit\u00e0 degli ecoscandagli Lorenz per una navigazione precisa e affidabile.\" \/>\n<meta property=\"og:url\" content=\"https:\/\/staging.lorenzmarine.com\/product\/lorenz-trasduttore-p79\/\" \/>\n<meta property=\"og:site_name\" content=\"Lorenz Marine\" \/>\n<meta property=\"article:publisher\" content=\"https:\/\/www.facebook.com\/LorenzMarine\/\" \/>\n<meta property=\"article:modified_time\" content=\"2025-07-31T13:44:30+00:00\" \/>\n<meta property=\"og:image\" content=\"https:\/\/staging.lorenzmarine.com\/wp-content\/uploads\/2018\/08\/P79_transducer.jpg\" \/>\n\t<meta property=\"og:image:width\" content=\"600\" \/>\n\t<meta property=\"og:image:height\" content=\"672\" \/>\n\t<meta property=\"og:image:type\" content=\"image\/jpeg\" \/>\n<meta name=\"twitter:card\" content=\"summary_large_image\" \/>\n<meta name=\"twitter:label1\" content=\"Est. reading time\" \/>\n\t<meta name=\"twitter:data1\" content=\"1 minute\" \/>\n<script type=\"application\/ld+json\" class=\"yoast-schema-graph\">{\"@context\":\"https:\\\/\\\/schema.org\",\"@graph\":[{\"@type\":\"WebPage\",\"@id\":\"https:\\\/\\\/staging.lorenzmarine.com\\\/product\\\/lorenz-trasduttore-p79\\\/\",\"url\":\"https:\\\/\\\/staging.lorenzmarine.com\\\/product\\\/lorenz-trasduttore-p79\\\/\",\"name\":\"AIRMAR Trasduttore P79 - Lorenz Marine\",\"isPartOf\":{\"@id\":\"https:\\\/\\\/staging.lorenzmarine.com\\\/#website\"},\"primaryImageOfPage\":{\"@id\":\"https:\\\/\\\/staging.lorenzmarine.com\\\/product\\\/lorenz-trasduttore-p79\\\/#primaryimage\"},\"image\":{\"@id\":\"https:\\\/\\\/staging.lorenzmarine.com\\\/product\\\/lorenz-trasduttore-p79\\\/#primaryimage\"},\"thumbnailUrl\":\"https:\\\/\\\/staging.lorenzmarine.com\\\/wp-content\\\/uploads\\\/2018\\\/08\\\/P79_transducer.jpg\",\"datePublished\":\"2025-07-30T15:51:56+00:00\",\"dateModified\":\"2025-07-31T13:44:30+00:00\",\"breadcrumb\":{\"@id\":\"https:\\\/\\\/staging.lorenzmarine.com\\\/product\\\/lorenz-trasduttore-p79\\\/#breadcrumb\"},\"inLanguage\":\"en-US\",\"potentialAction\":[{\"@type\":\"ReadAction\",\"target\":[\"https:\\\/\\\/staging.lorenzmarine.com\\\/product\\\/lorenz-trasduttore-p79\\\/\"]}]},{\"@type\":\"ImageObject\",\"inLanguage\":\"en-US\",\"@id\":\"https:\\\/\\\/staging.lorenzmarine.com\\\/product\\\/lorenz-trasduttore-p79\\\/#primaryimage\",\"url\":\"https:\\\/\\\/staging.lorenzmarine.com\\\/wp-content\\\/uploads\\\/2018\\\/08\\\/P79_transducer.jpg\",\"contentUrl\":\"https:\\\/\\\/staging.lorenzmarine.com\\\/wp-content\\\/uploads\\\/2018\\\/08\\\/P79_transducer.jpg\",\"width\":600,\"height\":672},{\"@type\":\"BreadcrumbList\",\"@id\":\"https:\\\/\\\/staging.lorenzmarine.com\\\/product\\\/lorenz-trasduttore-p79\\\/#breadcrumb\",\"itemListElement\":[{\"@type\":\"ListItem\",\"position\":1,\"name\":\"Home\",\"item\":\"https:\\\/\\\/staging.lorenzmarine.com\\\/home\\\/\"},{\"@type\":\"ListItem\",\"position\":2,\"name\":\"Shop\",\"item\":\"https:\\\/\\\/staging.lorenzmarine.com\\\/negozio\\\/\"},{\"@type\":\"ListItem\",\"position\":3,\"name\":\"AIRMAR Trasduttore P79\"}]},{\"@type\":\"WebSite\",\"@id\":\"https:\\\/\\\/staging.lorenzmarine.com\\\/#website\",\"url\":\"https:\\\/\\\/staging.lorenzmarine.com\\\/\",\"name\":\"Lorenz Marine\",\"description\":\"Marine Electronics\",\"publisher\":{\"@id\":\"https:\\\/\\\/staging.lorenzmarine.com\\\/#organization\"},\"potentialAction\":[{\"@type\":\"SearchAction\",\"target\":{\"@type\":\"EntryPoint\",\"urlTemplate\":\"https:\\\/\\\/staging.lorenzmarine.com\\\/?s={search_term_string}\"},\"query-input\":{\"@type\":\"PropertyValueSpecification\",\"valueRequired\":true,\"valueName\":\"search_term_string\"}}],\"inLanguage\":\"en-US\"},{\"@type\":\"Organization\",\"@id\":\"https:\\\/\\\/staging.lorenzmarine.com\\\/#organization\",\"name\":\"Lorenz Marine\",\"url\":\"https:\\\/\\\/staging.lorenzmarine.com\\\/\",\"logo\":{\"@type\":\"ImageObject\",\"inLanguage\":\"en-US\",\"@id\":\"https:\\\/\\\/staging.lorenzmarine.com\\\/#\\\/schema\\\/logo\\\/image\\\/\",\"url\":\"https:\\\/\\\/staging.lorenzmarine.com\\\/wp-content\\\/uploads\\\/2018\\\/08\\\/Logo_LORENZMARINE-03.png\",\"contentUrl\":\"https:\\\/\\\/staging.lorenzmarine.com\\\/wp-content\\\/uploads\\\/2018\\\/08\\\/Logo_LORENZMARINE-03.png\",\"width\":435,\"height\":81,\"caption\":\"Lorenz Marine\"},\"image\":{\"@id\":\"https:\\\/\\\/staging.lorenzmarine.com\\\/#\\\/schema\\\/logo\\\/image\\\/\"},\"sameAs\":[\"https:\\\/\\\/www.facebook.com\\\/LorenzMarine\\\/\",\"https:\\\/\\\/www.instagram.com\\\/lorenzmarine_\\\/?hl=it\"]}]}<\/script>\n<!-- \/ Yoast SEO plugin. -->","yoast_head_json":{"title":"AIRMAR Trasduttore P79 - Lorenz Marine","robots":{"index":"noindex","follow":"follow","max-snippet":"max-snippet:-1","max-image-preview":"max-image-preview:large","max-video-preview":"max-video-preview:-1"},"og_locale":"en_US","og_type":"article","og_title":"AIRMAR Trasduttore P79 - Lorenz Marine","og_description":"I trasduttori AIRMAR\u00ae sono completamente compatibili con gli ecoscandaglio Lorenz delle serie Atom e Magnum, offrendo il massimo delle prestazioni per la navigazione professionale e ricreativa. Grazie a questa compatibilit\u00e0, \u00e8 possibile sfruttare appieno tutte le funzionalit\u00e0 degli ecoscandagli Lorenz per una navigazione precisa e affidabile.","og_url":"https:\/\/staging.lorenzmarine.com\/product\/lorenz-trasduttore-p79\/","og_site_name":"Lorenz Marine","article_publisher":"https:\/\/www.facebook.com\/LorenzMarine\/","article_modified_time":"2025-07-31T13:44:30+00:00","og_image":[{"width":600,"height":672,"url":"https:\/\/staging.lorenzmarine.com\/wp-content\/uploads\/2018\/08\/P79_transducer.jpg","type":"image\/jpeg"}],"twitter_card":"summary_large_image","twitter_misc":{"Est. reading time":"1 minute"},"schema":{"@context":"https:\/\/schema.org","@graph":[{"@type":"WebPage","@id":"https:\/\/staging.lorenzmarine.com\/product\/lorenz-trasduttore-p79\/","url":"https:\/\/staging.lorenzmarine.com\/product\/lorenz-trasduttore-p79\/","name":"AIRMAR Trasduttore P79 - Lorenz Marine","isPartOf":{"@id":"https:\/\/staging.lorenzmarine.com\/#website"},"primaryImageOfPage":{"@id":"https:\/\/staging.lorenzmarine.com\/product\/lorenz-trasduttore-p79\/#primaryimage"},"image":{"@id":"https:\/\/staging.lorenzmarine.com\/product\/lorenz-trasduttore-p79\/#primaryimage"},"thumbnailUrl":"https:\/\/staging.lorenzmarine.com\/wp-content\/uploads\/2018\/08\/P79_transducer.jpg","datePublished":"2025-07-30T15:51:56+00:00","dateModified":"2025-07-31T13:44:30+00:00","breadcrumb":{"@id":"https:\/\/staging.lorenzmarine.com\/product\/lorenz-trasduttore-p79\/#breadcrumb"},"inLanguage":"en-US","potentialAction":[{"@type":"ReadAction","target":["https:\/\/staging.lorenzmarine.com\/product\/lorenz-trasduttore-p79\/"]}]},{"@type":"ImageObject","inLanguage":"en-US","@id":"https:\/\/staging.lorenzmarine.com\/product\/lorenz-trasduttore-p79\/#primaryimage","url":"https:\/\/staging.lorenzmarine.com\/wp-content\/uploads\/2018\/08\/P79_transducer.jpg","contentUrl":"https:\/\/staging.lorenzmarine.com\/wp-content\/uploads\/2018\/08\/P79_transducer.jpg","width":600,"height":672},{"@type":"BreadcrumbList","@id":"https:\/\/staging.lorenzmarine.com\/product\/lorenz-trasduttore-p79\/#breadcrumb","itemListElement":[{"@type":"ListItem","position":1,"name":"Home","item":"https:\/\/staging.lorenzmarine.com\/home\/"},{"@type":"ListItem","position":2,"name":"Shop","item":"https:\/\/staging.lorenzmarine.com\/negozio\/"},{"@type":"ListItem","position":3,"name":"AIRMAR Trasduttore P79"}]},{"@type":"WebSite","@id":"https:\/\/staging.lorenzmarine.com\/#website","url":"https:\/\/staging.lorenzmarine.com\/","name":"Lorenz Marine","description":"Marine Electronics","publisher":{"@id":"https:\/\/staging.lorenzmarine.com\/#organization"},"potentialAction":[{"@type":"SearchAction","target":{"@type":"EntryPoint","urlTemplate":"https:\/\/staging.lorenzmarine.com\/?s={search_term_string}"},"query-input":{"@type":"PropertyValueSpecification","valueRequired":true,"valueName":"search_term_string"}}],"inLanguage":"en-US"},{"@type":"Organization","@id":"https:\/\/staging.lorenzmarine.com\/#organization","name":"Lorenz Marine","url":"https:\/\/staging.lorenzmarine.com\/","logo":{"@type":"ImageObject","inLanguage":"en-US","@id":"https:\/\/staging.lorenzmarine.com\/#\/schema\/logo\/image\/","url":"https:\/\/staging.lorenzmarine.com\/wp-content\/uploads\/2018\/08\/Logo_LORENZMARINE-03.png","contentUrl":"https:\/\/staging.lorenzmarine.com\/wp-content\/uploads\/2018\/08\/Logo_LORENZMARINE-03.png","width":435,"height":81,"caption":"Lorenz Marine"},"image":{"@id":"https:\/\/staging.lorenzmarine.com\/#\/schema\/logo\/image\/"},"sameAs":["https:\/\/www.facebook.com\/LorenzMarine\/","https:\/\/www.instagram.com\/lorenzmarine_\/?hl=it"]}]}},"_links":{"self":[{"href":"https:\/\/staging.lorenzmarine.com\/en\/wp-json\/wp\/v2\/product\/16704","targetHints":{"allow":["GET"]}}],"collection":[{"href":"https:\/\/staging.lorenzmarine.com\/en\/wp-json\/wp\/v2\/product"}],"about":[{"href":"https:\/\/staging.lorenzmarine.com\/en\/wp-json\/wp\/v2\/types\/product"}],"replies":[{"embeddable":true,"href":"https:\/\/staging.lorenzmarine.com\/en\/wp-json\/wp\/v2\/comments?post=16704"}],"wp:featuredmedia":[{"embeddable":true,"href":"https:\/\/staging.lorenzmarine.com\/en\/wp-json\/wp\/v2\/media\/10207"}],"wp:attachment":[{"href":"https:\/\/staging.lorenzmarine.com\/en\/wp-json\/wp\/v2\/media?parent=16704"}],"wp:term":[{"taxonomy":"product_brand","embeddable":true,"href":"https:\/\/staging.lorenzmarine.com\/en\/wp-json\/wp\/v2\/product_brand?post=16704"},{"taxonomy":"product_cat","embeddable":true,"href":"https:\/\/staging.lorenzmarine.com\/en\/wp-json\/wp\/v2\/product_cat?post=16704"},{"taxonomy":"product_tag","embeddable":true,"href":"https:\/\/staging.lorenzmarine.com\/en\/wp-json\/wp\/v2\/product_tag?post=16704"}],"curies":[{"name":"wp","href":"https:\/\/api.w.org\/{rel}","templated":true}]}}