{"id":16708,"date":"2025-07-30T17:51:57","date_gmt":"2025-07-30T15:51:57","guid":{"rendered":"https:\/\/staging.lorenzmarine.com\/?post_type=product&#038;p=16708"},"modified":"2025-07-31T15:44:30","modified_gmt":"2025-07-31T13:44:30","slug":"lorenz-trasduttore-b258","status":"publish","type":"product","link":"https:\/\/staging.lorenzmarine.com\/en\/product\/lorenz-trasduttore-b258\/","title":{"rendered":"AIRMAR Trasduttore B258"},"content":{"rendered":"<p>Trasduttore Airmar B258 \u2013 Economico, 1 kW, Doppia Frequenza 50\/200 kHz per Pescatori<br \/>\nIl B258 \u00e8 un trasduttore dual-frequency da 1 kW, ideale per pescatori che cercano un dispositivo affidabile ed economico. La sua struttura unica con quattro elementi ceramici genera un fascio ellittico che copre un&#8217;area pi\u00f9 ampia, offrendo una risoluzione dei bersagli eccellente.<\/p>\n<p>La combinazione delle frequenze 50 e 200 kHz lo rende perfetto sia per l\u2019utilizzo in acque basse che profonde. Il trasduttore include un High-performance Fairing che garantisce prestazioni ottimali fino a velocit\u00e0 di 30 nodi (circa 55 km\/h).<\/p>\n<p>Caratteristiche principali:<br \/>\nPotenza 1 kW, doppia frequenza 50\/200 kHz<\/p>\n<p>Quattro elementi ceramici per un fascio ellittico pi\u00f9 ampio<\/p>\n<p>Ottima risoluzione dei bersagli in acque basse e profonde<\/p>\n<p>Fairing ad alte prestazioni incluso per velocit\u00e0 fino a 30 nodi<\/p>\n<p>Soluzione economica per appassionati di pesca<\/p>\n","protected":false},"excerpt":{"rendered":"<p>I trasduttori AIRMAR\u00ae sono completamente compatibili con gli ecoscandaglio Lorenz delle serie Atom e Magnum, offrendo il massimo delle prestazioni per la navigazione professionale e ricreativa. Grazie a questa compatibilit\u00e0, \u00e8 possibile sfruttare appieno tutte le funzionalit\u00e0 degli ecoscandagli Lorenz per una navigazione precisa e affidabile.<\/p>\n","protected":false},"featured_media":10213,"comment_status":"open","ping_status":"closed","template":"","meta":[],"product_brand":[391],"product_cat":[383,381],"product_tag":[],"class_list":{"0":"post-16708","1":"product","2":"type-product","3":"status-publish","4":"has-post-thumbnail","6":"product_brand-lorenz-marine-electronics","7":"product_cat-accessori","8":"product_cat-trasduttori","9":"pa_connessione-a-lorenz-diretta","10":"pa_dati-forniti-profondita-temperatura","11":"pa_frequenza-50-200-khz","12":"pa_installazione-thru-hull-passante","13":"pa_materiale-bronzo","14":"pa_potenza-600-watt","16":"first","17":"instock","18":"taxable","19":"shipping-taxable","20":"product-type-simple"},"yoast_head":"<!-- This site is optimized with the Yoast SEO plugin v27.4 - https:\/\/yoast.com\/product\/yoast-seo-wordpress\/ -->\n<title>AIRMAR Trasduttore B258 - Lorenz Marine<\/title>\n<meta name=\"robots\" content=\"noindex, follow, max-snippet:-1, max-image-preview:large, max-video-preview:-1\" \/>\n<meta property=\"og:locale\" content=\"en_US\" \/>\n<meta property=\"og:type\" content=\"article\" \/>\n<meta property=\"og:title\" content=\"AIRMAR Trasduttore B258 - Lorenz Marine\" \/>\n<meta property=\"og:description\" content=\"I trasduttori AIRMAR\u00ae sono completamente compatibili con gli ecoscandaglio Lorenz delle serie Atom e Magnum, offrendo il massimo delle prestazioni per la navigazione professionale e ricreativa. Grazie a questa compatibilit\u00e0, \u00e8 possibile sfruttare appieno tutte le funzionalit\u00e0 degli ecoscandagli Lorenz per una navigazione precisa e affidabile.\" \/>\n<meta property=\"og:url\" content=\"https:\/\/staging.lorenzmarine.com\/product\/lorenz-trasduttore-b258\/\" \/>\n<meta property=\"og:site_name\" content=\"Lorenz Marine\" \/>\n<meta property=\"article:publisher\" content=\"https:\/\/www.facebook.com\/LorenzMarine\/\" \/>\n<meta property=\"article:modified_time\" content=\"2025-07-31T13:44:30+00:00\" \/>\n<meta property=\"og:image\" content=\"https:\/\/staging.lorenzmarine.com\/wp-content\/uploads\/2018\/08\/B258.jpg\" \/>\n\t<meta property=\"og:image:width\" content=\"600\" \/>\n\t<meta property=\"og:image:height\" content=\"672\" \/>\n\t<meta property=\"og:image:type\" content=\"image\/jpeg\" \/>\n<meta name=\"twitter:card\" content=\"summary_large_image\" \/>\n<meta name=\"twitter:label1\" content=\"Est. reading time\" \/>\n\t<meta name=\"twitter:data1\" content=\"1 minute\" \/>\n<script type=\"application\/ld+json\" class=\"yoast-schema-graph\">{\"@context\":\"https:\\\/\\\/schema.org\",\"@graph\":[{\"@type\":\"WebPage\",\"@id\":\"https:\\\/\\\/staging.lorenzmarine.com\\\/product\\\/lorenz-trasduttore-b258\\\/\",\"url\":\"https:\\\/\\\/staging.lorenzmarine.com\\\/product\\\/lorenz-trasduttore-b258\\\/\",\"name\":\"AIRMAR Trasduttore B258 - Lorenz Marine\",\"isPartOf\":{\"@id\":\"https:\\\/\\\/staging.lorenzmarine.com\\\/#website\"},\"primaryImageOfPage\":{\"@id\":\"https:\\\/\\\/staging.lorenzmarine.com\\\/product\\\/lorenz-trasduttore-b258\\\/#primaryimage\"},\"image\":{\"@id\":\"https:\\\/\\\/staging.lorenzmarine.com\\\/product\\\/lorenz-trasduttore-b258\\\/#primaryimage\"},\"thumbnailUrl\":\"https:\\\/\\\/staging.lorenzmarine.com\\\/wp-content\\\/uploads\\\/2018\\\/08\\\/B258.jpg\",\"datePublished\":\"2025-07-30T15:51:57+00:00\",\"dateModified\":\"2025-07-31T13:44:30+00:00\",\"breadcrumb\":{\"@id\":\"https:\\\/\\\/staging.lorenzmarine.com\\\/product\\\/lorenz-trasduttore-b258\\\/#breadcrumb\"},\"inLanguage\":\"en-US\",\"potentialAction\":[{\"@type\":\"ReadAction\",\"target\":[\"https:\\\/\\\/staging.lorenzmarine.com\\\/product\\\/lorenz-trasduttore-b258\\\/\"]}]},{\"@type\":\"ImageObject\",\"inLanguage\":\"en-US\",\"@id\":\"https:\\\/\\\/staging.lorenzmarine.com\\\/product\\\/lorenz-trasduttore-b258\\\/#primaryimage\",\"url\":\"https:\\\/\\\/staging.lorenzmarine.com\\\/wp-content\\\/uploads\\\/2018\\\/08\\\/B258.jpg\",\"contentUrl\":\"https:\\\/\\\/staging.lorenzmarine.com\\\/wp-content\\\/uploads\\\/2018\\\/08\\\/B258.jpg\",\"width\":600,\"height\":672},{\"@type\":\"BreadcrumbList\",\"@id\":\"https:\\\/\\\/staging.lorenzmarine.com\\\/product\\\/lorenz-trasduttore-b258\\\/#breadcrumb\",\"itemListElement\":[{\"@type\":\"ListItem\",\"position\":1,\"name\":\"Home\",\"item\":\"https:\\\/\\\/staging.lorenzmarine.com\\\/home\\\/\"},{\"@type\":\"ListItem\",\"position\":2,\"name\":\"Shop\",\"item\":\"https:\\\/\\\/staging.lorenzmarine.com\\\/negozio\\\/\"},{\"@type\":\"ListItem\",\"position\":3,\"name\":\"AIRMAR Trasduttore B258\"}]},{\"@type\":\"WebSite\",\"@id\":\"https:\\\/\\\/staging.lorenzmarine.com\\\/#website\",\"url\":\"https:\\\/\\\/staging.lorenzmarine.com\\\/\",\"name\":\"Lorenz Marine\",\"description\":\"Marine Electronics\",\"publisher\":{\"@id\":\"https:\\\/\\\/staging.lorenzmarine.com\\\/#organization\"},\"potentialAction\":[{\"@type\":\"SearchAction\",\"target\":{\"@type\":\"EntryPoint\",\"urlTemplate\":\"https:\\\/\\\/staging.lorenzmarine.com\\\/?s={search_term_string}\"},\"query-input\":{\"@type\":\"PropertyValueSpecification\",\"valueRequired\":true,\"valueName\":\"search_term_string\"}}],\"inLanguage\":\"en-US\"},{\"@type\":\"Organization\",\"@id\":\"https:\\\/\\\/staging.lorenzmarine.com\\\/#organization\",\"name\":\"Lorenz Marine\",\"url\":\"https:\\\/\\\/staging.lorenzmarine.com\\\/\",\"logo\":{\"@type\":\"ImageObject\",\"inLanguage\":\"en-US\",\"@id\":\"https:\\\/\\\/staging.lorenzmarine.com\\\/#\\\/schema\\\/logo\\\/image\\\/\",\"url\":\"https:\\\/\\\/staging.lorenzmarine.com\\\/wp-content\\\/uploads\\\/2018\\\/08\\\/Logo_LORENZMARINE-03.png\",\"contentUrl\":\"https:\\\/\\\/staging.lorenzmarine.com\\\/wp-content\\\/uploads\\\/2018\\\/08\\\/Logo_LORENZMARINE-03.png\",\"width\":435,\"height\":81,\"caption\":\"Lorenz Marine\"},\"image\":{\"@id\":\"https:\\\/\\\/staging.lorenzmarine.com\\\/#\\\/schema\\\/logo\\\/image\\\/\"},\"sameAs\":[\"https:\\\/\\\/www.facebook.com\\\/LorenzMarine\\\/\",\"https:\\\/\\\/www.instagram.com\\\/lorenzmarine_\\\/?hl=it\"]}]}<\/script>\n<!-- \/ Yoast SEO plugin. -->","yoast_head_json":{"title":"AIRMAR Trasduttore B258 - Lorenz Marine","robots":{"index":"noindex","follow":"follow","max-snippet":"max-snippet:-1","max-image-preview":"max-image-preview:large","max-video-preview":"max-video-preview:-1"},"og_locale":"en_US","og_type":"article","og_title":"AIRMAR Trasduttore B258 - Lorenz Marine","og_description":"I trasduttori AIRMAR\u00ae sono completamente compatibili con gli ecoscandaglio Lorenz delle serie Atom e Magnum, offrendo il massimo delle prestazioni per la navigazione professionale e ricreativa. Grazie a questa compatibilit\u00e0, \u00e8 possibile sfruttare appieno tutte le funzionalit\u00e0 degli ecoscandagli Lorenz per una navigazione precisa e affidabile.","og_url":"https:\/\/staging.lorenzmarine.com\/product\/lorenz-trasduttore-b258\/","og_site_name":"Lorenz Marine","article_publisher":"https:\/\/www.facebook.com\/LorenzMarine\/","article_modified_time":"2025-07-31T13:44:30+00:00","og_image":[{"width":600,"height":672,"url":"https:\/\/staging.lorenzmarine.com\/wp-content\/uploads\/2018\/08\/B258.jpg","type":"image\/jpeg"}],"twitter_card":"summary_large_image","twitter_misc":{"Est. reading time":"1 minute"},"schema":{"@context":"https:\/\/schema.org","@graph":[{"@type":"WebPage","@id":"https:\/\/staging.lorenzmarine.com\/product\/lorenz-trasduttore-b258\/","url":"https:\/\/staging.lorenzmarine.com\/product\/lorenz-trasduttore-b258\/","name":"AIRMAR Trasduttore B258 - Lorenz Marine","isPartOf":{"@id":"https:\/\/staging.lorenzmarine.com\/#website"},"primaryImageOfPage":{"@id":"https:\/\/staging.lorenzmarine.com\/product\/lorenz-trasduttore-b258\/#primaryimage"},"image":{"@id":"https:\/\/staging.lorenzmarine.com\/product\/lorenz-trasduttore-b258\/#primaryimage"},"thumbnailUrl":"https:\/\/staging.lorenzmarine.com\/wp-content\/uploads\/2018\/08\/B258.jpg","datePublished":"2025-07-30T15:51:57+00:00","dateModified":"2025-07-31T13:44:30+00:00","breadcrumb":{"@id":"https:\/\/staging.lorenzmarine.com\/product\/lorenz-trasduttore-b258\/#breadcrumb"},"inLanguage":"en-US","potentialAction":[{"@type":"ReadAction","target":["https:\/\/staging.lorenzmarine.com\/product\/lorenz-trasduttore-b258\/"]}]},{"@type":"ImageObject","inLanguage":"en-US","@id":"https:\/\/staging.lorenzmarine.com\/product\/lorenz-trasduttore-b258\/#primaryimage","url":"https:\/\/staging.lorenzmarine.com\/wp-content\/uploads\/2018\/08\/B258.jpg","contentUrl":"https:\/\/staging.lorenzmarine.com\/wp-content\/uploads\/2018\/08\/B258.jpg","width":600,"height":672},{"@type":"BreadcrumbList","@id":"https:\/\/staging.lorenzmarine.com\/product\/lorenz-trasduttore-b258\/#breadcrumb","itemListElement":[{"@type":"ListItem","position":1,"name":"Home","item":"https:\/\/staging.lorenzmarine.com\/home\/"},{"@type":"ListItem","position":2,"name":"Shop","item":"https:\/\/staging.lorenzmarine.com\/negozio\/"},{"@type":"ListItem","position":3,"name":"AIRMAR Trasduttore B258"}]},{"@type":"WebSite","@id":"https:\/\/staging.lorenzmarine.com\/#website","url":"https:\/\/staging.lorenzmarine.com\/","name":"Lorenz Marine","description":"Marine Electronics","publisher":{"@id":"https:\/\/staging.lorenzmarine.com\/#organization"},"potentialAction":[{"@type":"SearchAction","target":{"@type":"EntryPoint","urlTemplate":"https:\/\/staging.lorenzmarine.com\/?s={search_term_string}"},"query-input":{"@type":"PropertyValueSpecification","valueRequired":true,"valueName":"search_term_string"}}],"inLanguage":"en-US"},{"@type":"Organization","@id":"https:\/\/staging.lorenzmarine.com\/#organization","name":"Lorenz Marine","url":"https:\/\/staging.lorenzmarine.com\/","logo":{"@type":"ImageObject","inLanguage":"en-US","@id":"https:\/\/staging.lorenzmarine.com\/#\/schema\/logo\/image\/","url":"https:\/\/staging.lorenzmarine.com\/wp-content\/uploads\/2018\/08\/Logo_LORENZMARINE-03.png","contentUrl":"https:\/\/staging.lorenzmarine.com\/wp-content\/uploads\/2018\/08\/Logo_LORENZMARINE-03.png","width":435,"height":81,"caption":"Lorenz Marine"},"image":{"@id":"https:\/\/staging.lorenzmarine.com\/#\/schema\/logo\/image\/"},"sameAs":["https:\/\/www.facebook.com\/LorenzMarine\/","https:\/\/www.instagram.com\/lorenzmarine_\/?hl=it"]}]}},"_links":{"self":[{"href":"https:\/\/staging.lorenzmarine.com\/en\/wp-json\/wp\/v2\/product\/16708","targetHints":{"allow":["GET"]}}],"collection":[{"href":"https:\/\/staging.lorenzmarine.com\/en\/wp-json\/wp\/v2\/product"}],"about":[{"href":"https:\/\/staging.lorenzmarine.com\/en\/wp-json\/wp\/v2\/types\/product"}],"replies":[{"embeddable":true,"href":"https:\/\/staging.lorenzmarine.com\/en\/wp-json\/wp\/v2\/comments?post=16708"}],"wp:featuredmedia":[{"embeddable":true,"href":"https:\/\/staging.lorenzmarine.com\/en\/wp-json\/wp\/v2\/media\/10213"}],"wp:attachment":[{"href":"https:\/\/staging.lorenzmarine.com\/en\/wp-json\/wp\/v2\/media?parent=16708"}],"wp:term":[{"taxonomy":"product_brand","embeddable":true,"href":"https:\/\/staging.lorenzmarine.com\/en\/wp-json\/wp\/v2\/product_brand?post=16708"},{"taxonomy":"product_cat","embeddable":true,"href":"https:\/\/staging.lorenzmarine.com\/en\/wp-json\/wp\/v2\/product_cat?post=16708"},{"taxonomy":"product_tag","embeddable":true,"href":"https:\/\/staging.lorenzmarine.com\/en\/wp-json\/wp\/v2\/product_tag?post=16708"}],"curies":[{"name":"wp","href":"https:\/\/api.w.org\/{rel}","templated":true}]}}